{"id":1102,"date":"2022-08-01T17:54:51","date_gmt":"2022-08-01T17:54:51","guid":{"rendered":"https:\/\/www.pasteleroscordoba.com.ar\/jac\/?page_id=1102"},"modified":"2026-04-09T19:21:10","modified_gmt":"2026-04-09T22:21:10","slug":"escuela","status":"publish","type":"page","link":"https:\/\/www.pasteleroscordoba.com.ar\/jac\/escuela\/","title":{"rendered":"Escuela"},"content":{"rendered":"\t\t<div data-elementor-type=\"wp-page\" data-elementor-id=\"1102\" class=\"elementor elementor-1102\" data-elementor-post-type=\"page\">\n\t\t\t\t\t\t<section data-particle_enable=\"false\" data-particle-mobile-disabled=\"false\" class=\"elementor-section elementor-top-section elementor-element elementor-element-11f7e9d elementor-section-boxed elementor-section-height-default elementor-section-height-default\" data-id=\"11f7e9d\" data-element_type=\"section\" data-e-type=\"section\" data-settings=\"{&quot;background_background&quot;:&quot;classic&quot;}\">\n\t\t\t\t\t\t<div class=\"elementor-container elementor-column-gap-no\">\n\t\t\t\t\t<div class=\"elementor-column elementor-col-100 elementor-top-column elementor-element elementor-element-e20b0b0\" data-id=\"e20b0b0\" data-element_type=\"column\" data-e-type=\"column\">\n\t\t\t<div class=\"elementor-widget-wrap elementor-element-populated\">\n\t\t\t\t\t\t<section data-particle_enable=\"false\" data-particle-mobile-disabled=\"false\" class=\"elementor-section elementor-inner-section elementor-element elementor-element-de3b7fd elementor-section-boxed elementor-section-height-default elementor-section-height-default\" data-id=\"de3b7fd\" data-element_type=\"section\" data-e-type=\"section\" data-settings=\"{&quot;background_background&quot;:&quot;classic&quot;}\">\n\t\t\t\t\t\t<div class=\"elementor-container elementor-column-gap-default\">\n\t\t\t\t\t<div class=\"elementor-column elementor-col-50 elementor-inner-column elementor-element elementor-element-849f0c9\" data-id=\"849f0c9\" data-element_type=\"column\" data-e-type=\"column\">\n\t\t\t<div class=\"elementor-widget-wrap elementor-element-populated\">\n\t\t\t\t\t\t<div class=\"elementor-element elementor-element-4190e22 elementor-widget elementor-widget-image\" data-id=\"4190e22\" data-element_type=\"widget\" data-e-type=\"widget\" data-widget_type=\"image.default\">\n\t\t\t\t<div class=\"elementor-widget-container\">\n\t\t\t\t\t\t\t\t\t\t\t\t\t\t\t<img fetchpriority=\"high\" decoding=\"async\" width=\"695\" height=\"314\" src=\"https:\/\/www.pasteleroscordoba.com.ar\/jac\/wp-content\/uploads\/2024\/08\/Captura-de-pantalla-2024-08-27-155622.png\" class=\"attachment-large size-large wp-image-4690\" alt=\"\" srcset=\"https:\/\/www.pasteleroscordoba.com.ar\/jac\/wp-content\/uploads\/2024\/08\/Captura-de-pantalla-2024-08-27-155622.png 695w, https:\/\/www.pasteleroscordoba.com.ar\/jac\/wp-content\/uploads\/2024\/08\/Captura-de-pantalla-2024-08-27-155622-300x136.png 300w\" sizes=\"(max-width: 695px) 100vw, 695px\" \/>\t\t\t\t\t\t\t\t\t\t\t\t\t\t\t<\/div>\n\t\t\t\t<\/div>\n\t\t\t\t\t<\/div>\n\t\t<\/div>\n\t\t\t\t<div class=\"elementor-column elementor-col-50 elementor-inner-column elementor-element elementor-element-2cf30e1\" data-id=\"2cf30e1\" data-element_type=\"column\" data-e-type=\"column\">\n\t\t\t<div class=\"elementor-widget-wrap elementor-element-populated\">\n\t\t\t\t\t\t<div class=\"elementor-element elementor-element-8d240e0 elementor-widget elementor-widget-image\" data-id=\"8d240e0\" data-element_type=\"widget\" data-e-type=\"widget\" data-widget_type=\"image.default\">\n\t\t\t\t<div class=\"elementor-widget-container\">\n\t\t\t\t\t\t\t\t\t\t\t\t\t\t\t<img decoding=\"async\" width=\"1024\" height=\"576\" src=\"https:\/\/www.pasteleroscordoba.com.ar\/jac\/wp-content\/uploads\/2024\/08\/fotos-1024x576.png\" class=\"attachment-large size-large wp-image-4689\" alt=\"\" srcset=\"https:\/\/www.pasteleroscordoba.com.ar\/jac\/wp-content\/uploads\/2024\/08\/fotos-1024x576.png 1024w, https:\/\/www.pasteleroscordoba.com.ar\/jac\/wp-content\/uploads\/2024\/08\/fotos-300x169.png 300w, https:\/\/www.pasteleroscordoba.com.ar\/jac\/wp-content\/uploads\/2024\/08\/fotos-768x432.png 768w, https:\/\/www.pasteleroscordoba.com.ar\/jac\/wp-content\/uploads\/2024\/08\/fotos-1536x864.png 1536w, https:\/\/www.pasteleroscordoba.com.ar\/jac\/wp-content\/uploads\/2024\/08\/fotos.png 1920w\" sizes=\"(max-width: 1024px) 100vw, 1024px\" \/>\t\t\t\t\t\t\t\t\t\t\t\t\t\t\t<\/div>\n\t\t\t\t<\/div>\n\t\t\t\t\t<\/div>\n\t\t<\/div>\n\t\t\t\t\t<\/div>\n\t\t<\/section>\n\t\t\t\t\t<\/div>\n\t\t<\/div>\n\t\t\t\t\t<\/div>\n\t\t<\/section>\n\t\t\t\t<section data-particle_enable=\"false\" data-particle-mobile-disabled=\"false\" class=\"elementor-section elementor-top-section elementor-element elementor-element-6a3986c elementor-section-boxed elementor-section-height-default elementor-section-height-default\" data-id=\"6a3986c\" data-element_type=\"section\" data-e-type=\"section\" data-settings=\"{&quot;background_background&quot;:&quot;classic&quot;}\">\n\t\t\t\t\t\t\t<div class=\"elementor-background-overlay\"><\/div>\n\t\t\t\t\t\t\t<div class=\"elementor-container elementor-column-gap-default\">\n\t\t\t\t\t<div class=\"elementor-column elementor-col-100 elementor-top-column elementor-element elementor-element-d88edf1\" data-id=\"d88edf1\" data-element_type=\"column\" data-e-type=\"column\">\n\t\t\t<div class=\"elementor-widget-wrap elementor-element-populated\">\n\t\t\t\t\t\t<div class=\"elementor-element elementor-element-3a8a6e7 elementor-widget elementor-widget-text-editor\" data-id=\"3a8a6e7\" data-element_type=\"widget\" data-e-type=\"widget\" data-widget_type=\"text-editor.default\">\n\t\t\t\t<div class=\"elementor-widget-container\">\n\t\t\t\t\t\t\t\t\t<p>Nuestra escuela tiene como objetivo brindar a los participantes las <strong>t\u00e9cnicas elementales de reposter\u00eda<\/strong> a trav\u00e9s del desarrollo de sus habilidades, partiendo de la elaboraci\u00f3n de las masas base hasta el emplatado de cada postre.<\/p><p>Aplicando la <strong>normatividad vigente<\/strong> en materia alimentaria.<\/p>\t\t\t\t\t\t\t\t<\/div>\n\t\t\t\t<\/div>\n\t\t\t\t<section data-particle_enable=\"false\" data-particle-mobile-disabled=\"false\" class=\"elementor-section elementor-inner-section elementor-element elementor-element-e1ccb06 elementor-section-boxed elementor-section-height-default elementor-section-height-default\" data-id=\"e1ccb06\" data-element_type=\"section\" data-e-type=\"section\">\n\t\t\t\t\t\t<div class=\"elementor-container elementor-column-gap-default\">\n\t\t\t\t\t<div class=\"elementor-column elementor-col-100 elementor-inner-column elementor-element elementor-element-db4e323\" data-id=\"db4e323\" data-element_type=\"column\" data-e-type=\"column\">\n\t\t\t<div class=\"elementor-widget-wrap elementor-element-populated\">\n\t\t\t\t\t\t<div class=\"elementor-element elementor-element-c5ef01a elementor-widget__width-initial eael-infobox-content-align--center eael-infobox-icon-bg-shape-none eael-infobox-icon-hover-bg-shape-none elementor-widget elementor-widget-eael-info-box\" data-id=\"c5ef01a\" data-element_type=\"widget\" data-e-type=\"widget\" data-widget_type=\"eael-info-box.default\">\n\t\t\t\t<div class=\"elementor-widget-container\">\n\t\t\t\t\t            <a href=\"https:\/\/www.pasteleroscordoba.com.ar\/jac\/cursos\">\n\t            <div class=\"eael-infobox icon-on-top\">\n\t            <div class=\"infobox-icon eael-icon-only\">\n\n            \n                            <div class=\"infobox-icon-wrap\">\n                    <i aria-hidden=\"true\" class=\"fas fa-chalkboard\"><\/i>                <\/div>\n            \n            \n        <\/div>\n            <div class=\"infobox-content eael-icon-only\">\n                    <div class=\"infobox-title-section\">\n                <h2 class=\"title\">Cursos Online<\/h2>            <\/div>\n                    <\/div>\n            <\/div>\n\n\t\t            <\/a>\n\t\t\t\t\t\t<\/div>\n\t\t\t\t<\/div>\n\t\t\t\t\t<\/div>\n\t\t<\/div>\n\t\t\t\t\t<\/div>\n\t\t<\/section>\n\t\t\t\t<div class=\"elementor-element elementor-element-197fd0f elementor-widget elementor-widget-gallery\" data-id=\"197fd0f\" data-element_type=\"widget\" data-e-type=\"widget\" data-settings=\"{&quot;columns&quot;:5,&quot;gap&quot;:{&quot;unit&quot;:&quot;px&quot;,&quot;size&quot;:8,&quot;sizes&quot;:[]},&quot;gallery_layout&quot;:&quot;grid&quot;,&quot;columns_tablet&quot;:2,&quot;columns_mobile&quot;:1,&quot;gap_tablet&quot;:{&quot;unit&quot;:&quot;px&quot;,&quot;size&quot;:10,&quot;sizes&quot;:[]},&quot;gap_mobile&quot;:{&quot;unit&quot;:&quot;px&quot;,&quot;size&quot;:10,&quot;sizes&quot;:[]},&quot;link_to&quot;:&quot;file&quot;,&quot;aspect_ratio&quot;:&quot;3:2&quot;,&quot;overlay_background&quot;:&quot;yes&quot;,&quot;content_hover_animation&quot;:&quot;fade-in&quot;}\" data-widget_type=\"gallery.default\">\n\t\t\t\t<div class=\"elementor-widget-container\">\n\t\t\t\t\t\t\t<div class=\"elementor-gallery__container\">\n\t\t\t\t\t\t\t<a class=\"e-gallery-item elementor-gallery-item elementor-animated-content\" href=\"https:\/\/www.pasteleroscordoba.com.ar\/jac\/wp-content\/uploads\/2024\/08\/WhatsApp-Image-2024-08-23-at-08.59.34-2.jpeg\" data-elementor-open-lightbox=\"yes\" data-elementor-lightbox-slideshow=\"197fd0f\" data-e-action-hash=\"#elementor-action%3Aaction%3Dlightbox%26settings%3DeyJpZCI6NDcxMywidXJsIjoiaHR0cHM6XC9cL3d3dy5wYXN0ZWxlcm9zY29yZG9iYS5jb20uYXJcL2phY1wvd3AtY29udGVudFwvdXBsb2Fkc1wvMjAyNFwvMDhcL1doYXRzQXBwLUltYWdlLTIwMjQtMDgtMjMtYXQtMDguNTkuMzQtMi5qcGVnIiwic2xpZGVzaG93IjoiMTk3ZmQwZiJ9\">\n\t\t\t\t\t<div class=\"e-gallery-image elementor-gallery-item__image\" data-thumbnail=\"https:\/\/www.pasteleroscordoba.com.ar\/jac\/wp-content\/uploads\/2024\/08\/WhatsApp-Image-2024-08-23-at-08.59.34-2.jpeg\" data-width=\"1600\" data-height=\"720\" aria-label=\"\" role=\"img\" ><\/div>\n\t\t\t\t\t\t\t\t\t\t\t<div class=\"elementor-gallery-item__overlay\"><\/div>\n\t\t\t\t\t\t\t\t\t\t\t\t\t\t<\/a>\n\t\t\t\t\t\t\t<a class=\"e-gallery-item elementor-gallery-item elementor-animated-content\" href=\"https:\/\/www.pasteleroscordoba.com.ar\/jac\/wp-content\/uploads\/2024\/08\/WhatsApp-Image-2024-08-23-at-08.59.34.jpeg\" data-elementor-open-lightbox=\"yes\" data-elementor-lightbox-slideshow=\"197fd0f\" data-e-action-hash=\"#elementor-action%3Aaction%3Dlightbox%26settings%3DeyJpZCI6NDcxMSwidXJsIjoiaHR0cHM6XC9cL3d3dy5wYXN0ZWxlcm9zY29yZG9iYS5jb20uYXJcL2phY1wvd3AtY29udGVudFwvdXBsb2Fkc1wvMjAyNFwvMDhcL1doYXRzQXBwLUltYWdlLTIwMjQtMDgtMjMtYXQtMDguNTkuMzQuanBlZyIsInNsaWRlc2hvdyI6IjE5N2ZkMGYifQ%3D%3D\">\n\t\t\t\t\t<div class=\"e-gallery-image elementor-gallery-item__image\" data-thumbnail=\"https:\/\/www.pasteleroscordoba.com.ar\/jac\/wp-content\/uploads\/2024\/08\/WhatsApp-Image-2024-08-23-at-08.59.34.jpeg\" data-width=\"1600\" data-height=\"720\" aria-label=\"\" role=\"img\" ><\/div>\n\t\t\t\t\t\t\t\t\t\t\t<div class=\"elementor-gallery-item__overlay\"><\/div>\n\t\t\t\t\t\t\t\t\t\t\t\t\t\t<\/a>\n\t\t\t\t\t\t\t<a class=\"e-gallery-item elementor-gallery-item elementor-animated-content\" href=\"https:\/\/www.pasteleroscordoba.com.ar\/jac\/wp-content\/uploads\/2024\/08\/WhatsApp-Image-2024-08-23-at-08.59.30.jpeg\" data-elementor-open-lightbox=\"yes\" data-elementor-lightbox-slideshow=\"197fd0f\" data-e-action-hash=\"#elementor-action%3Aaction%3Dlightbox%26settings%3DeyJpZCI6NDcxOCwidXJsIjoiaHR0cHM6XC9cL3d3dy5wYXN0ZWxlcm9zY29yZG9iYS5jb20uYXJcL2phY1wvd3AtY29udGVudFwvdXBsb2Fkc1wvMjAyNFwvMDhcL1doYXRzQXBwLUltYWdlLTIwMjQtMDgtMjMtYXQtMDguNTkuMzAuanBlZyIsInNsaWRlc2hvdyI6IjE5N2ZkMGYifQ%3D%3D\">\n\t\t\t\t\t<div class=\"e-gallery-image elementor-gallery-item__image\" data-thumbnail=\"https:\/\/www.pasteleroscordoba.com.ar\/jac\/wp-content\/uploads\/2024\/08\/WhatsApp-Image-2024-08-23-at-08.59.30.jpeg\" data-width=\"1600\" data-height=\"720\" aria-label=\"\" role=\"img\" ><\/div>\n\t\t\t\t\t\t\t\t\t\t\t<div class=\"elementor-gallery-item__overlay\"><\/div>\n\t\t\t\t\t\t\t\t\t\t\t\t\t\t<\/a>\n\t\t\t\t\t\t\t<a class=\"e-gallery-item elementor-gallery-item elementor-animated-content\" href=\"https:\/\/www.pasteleroscordoba.com.ar\/jac\/wp-content\/uploads\/2024\/08\/WhatsApp-Image-2024-08-23-at-08.59.32.jpeg\" data-elementor-open-lightbox=\"yes\" data-elementor-lightbox-slideshow=\"197fd0f\" data-e-action-hash=\"#elementor-action%3Aaction%3Dlightbox%26settings%3DeyJpZCI6NDcxNSwidXJsIjoiaHR0cHM6XC9cL3d3dy5wYXN0ZWxlcm9zY29yZG9iYS5jb20uYXJcL2phY1wvd3AtY29udGVudFwvdXBsb2Fkc1wvMjAyNFwvMDhcL1doYXRzQXBwLUltYWdlLTIwMjQtMDgtMjMtYXQtMDguNTkuMzIuanBlZyIsInNsaWRlc2hvdyI6IjE5N2ZkMGYifQ%3D%3D\">\n\t\t\t\t\t<div class=\"e-gallery-image elementor-gallery-item__image\" data-thumbnail=\"https:\/\/www.pasteleroscordoba.com.ar\/jac\/wp-content\/uploads\/2024\/08\/WhatsApp-Image-2024-08-23-at-08.59.32.jpeg\" data-width=\"1600\" data-height=\"720\" aria-label=\"\" role=\"img\" ><\/div>\n\t\t\t\t\t\t\t\t\t\t\t<div class=\"elementor-gallery-item__overlay\"><\/div>\n\t\t\t\t\t\t\t\t\t\t\t\t\t\t<\/a>\n\t\t\t\t\t\t\t<a class=\"e-gallery-item elementor-gallery-item elementor-animated-content\" href=\"https:\/\/www.pasteleroscordoba.com.ar\/jac\/wp-content\/uploads\/2024\/08\/WhatsApp-Image-2024-08-23-at-08.59.32-1.jpeg\" data-elementor-open-lightbox=\"yes\" data-elementor-lightbox-slideshow=\"197fd0f\" data-e-action-hash=\"#elementor-action%3Aaction%3Dlightbox%26settings%3DeyJpZCI6NDcxNiwidXJsIjoiaHR0cHM6XC9cL3d3dy5wYXN0ZWxlcm9zY29yZG9iYS5jb20uYXJcL2phY1wvd3AtY29udGVudFwvdXBsb2Fkc1wvMjAyNFwvMDhcL1doYXRzQXBwLUltYWdlLTIwMjQtMDgtMjMtYXQtMDguNTkuMzItMS5qcGVnIiwic2xpZGVzaG93IjoiMTk3ZmQwZiJ9\">\n\t\t\t\t\t<div class=\"e-gallery-image elementor-gallery-item__image\" data-thumbnail=\"https:\/\/www.pasteleroscordoba.com.ar\/jac\/wp-content\/uploads\/2024\/08\/WhatsApp-Image-2024-08-23-at-08.59.32-1.jpeg\" data-width=\"1600\" data-height=\"720\" aria-label=\"\" role=\"img\" ><\/div>\n\t\t\t\t\t\t\t\t\t\t\t<div class=\"elementor-gallery-item__overlay\"><\/div>\n\t\t\t\t\t\t\t\t\t\t\t\t\t\t<\/a>\n\t\t\t\t\t\t\t<a class=\"e-gallery-item elementor-gallery-item elementor-animated-content\" href=\"https:\/\/www.pasteleroscordoba.com.ar\/jac\/wp-content\/uploads\/2024\/08\/WhatsApp-Image-2024-08-23-at-08.59.31.jpeg\" data-elementor-open-lightbox=\"yes\" data-elementor-lightbox-slideshow=\"197fd0f\" data-e-action-hash=\"#elementor-action%3Aaction%3Dlightbox%26settings%3DeyJpZCI6NDcxNywidXJsIjoiaHR0cHM6XC9cL3d3dy5wYXN0ZWxlcm9zY29yZG9iYS5jb20uYXJcL2phY1wvd3AtY29udGVudFwvdXBsb2Fkc1wvMjAyNFwvMDhcL1doYXRzQXBwLUltYWdlLTIwMjQtMDgtMjMtYXQtMDguNTkuMzEuanBlZyIsInNsaWRlc2hvdyI6IjE5N2ZkMGYifQ%3D%3D\">\n\t\t\t\t\t<div class=\"e-gallery-image elementor-gallery-item__image\" data-thumbnail=\"https:\/\/www.pasteleroscordoba.com.ar\/jac\/wp-content\/uploads\/2024\/08\/WhatsApp-Image-2024-08-23-at-08.59.31.jpeg\" data-width=\"720\" data-height=\"1600\" aria-label=\"\" role=\"img\" ><\/div>\n\t\t\t\t\t\t\t\t\t\t\t<div class=\"elementor-gallery-item__overlay\"><\/div>\n\t\t\t\t\t\t\t\t\t\t\t\t\t\t<\/a>\n\t\t\t\t\t\t\t<a class=\"e-gallery-item elementor-gallery-item elementor-animated-content\" href=\"https:\/\/www.pasteleroscordoba.com.ar\/jac\/wp-content\/uploads\/2024\/08\/WhatsApp-Image-2024-08-23-at-08.59.30-1.jpeg\" data-elementor-open-lightbox=\"yes\" data-elementor-lightbox-slideshow=\"197fd0f\" data-e-action-hash=\"#elementor-action%3Aaction%3Dlightbox%26settings%3DeyJpZCI6NDcxOSwidXJsIjoiaHR0cHM6XC9cL3d3dy5wYXN0ZWxlcm9zY29yZG9iYS5jb20uYXJcL2phY1wvd3AtY29udGVudFwvdXBsb2Fkc1wvMjAyNFwvMDhcL1doYXRzQXBwLUltYWdlLTIwMjQtMDgtMjMtYXQtMDguNTkuMzAtMS5qcGVnIiwic2xpZGVzaG93IjoiMTk3ZmQwZiJ9\">\n\t\t\t\t\t<div class=\"e-gallery-image elementor-gallery-item__image\" data-thumbnail=\"https:\/\/www.pasteleroscordoba.com.ar\/jac\/wp-content\/uploads\/2024\/08\/WhatsApp-Image-2024-08-23-at-08.59.30-1.jpeg\" data-width=\"1600\" data-height=\"720\" aria-label=\"\" role=\"img\" ><\/div>\n\t\t\t\t\t\t\t\t\t\t\t<div class=\"elementor-gallery-item__overlay\"><\/div>\n\t\t\t\t\t\t\t\t\t\t\t\t\t\t<\/a>\n\t\t\t\t\t\t\t<a class=\"e-gallery-item elementor-gallery-item elementor-animated-content\" href=\"https:\/\/www.pasteleroscordoba.com.ar\/jac\/wp-content\/uploads\/2024\/08\/WhatsApp-Image-2024-08-23-at-08.59.29.jpeg\" data-elementor-open-lightbox=\"yes\" data-elementor-lightbox-slideshow=\"197fd0f\" data-e-action-hash=\"#elementor-action%3Aaction%3Dlightbox%26settings%3DeyJpZCI6NDcyMCwidXJsIjoiaHR0cHM6XC9cL3d3dy5wYXN0ZWxlcm9zY29yZG9iYS5jb20uYXJcL2phY1wvd3AtY29udGVudFwvdXBsb2Fkc1wvMjAyNFwvMDhcL1doYXRzQXBwLUltYWdlLTIwMjQtMDgtMjMtYXQtMDguNTkuMjkuanBlZyIsInNsaWRlc2hvdyI6IjE5N2ZkMGYifQ%3D%3D\">\n\t\t\t\t\t<div class=\"e-gallery-image elementor-gallery-item__image\" data-thumbnail=\"https:\/\/www.pasteleroscordoba.com.ar\/jac\/wp-content\/uploads\/2024\/08\/WhatsApp-Image-2024-08-23-at-08.59.29.jpeg\" data-width=\"1600\" data-height=\"720\" aria-label=\"\" role=\"img\" ><\/div>\n\t\t\t\t\t\t\t\t\t\t\t<div class=\"elementor-gallery-item__overlay\"><\/div>\n\t\t\t\t\t\t\t\t\t\t\t\t\t\t<\/a>\n\t\t\t\t\t\t\t<a class=\"e-gallery-item elementor-gallery-item elementor-animated-content\" href=\"https:\/\/www.pasteleroscordoba.com.ar\/jac\/wp-content\/uploads\/2024\/08\/WhatsApp-Image-2024-08-23-at-08.59.35.jpeg\" data-elementor-open-lightbox=\"yes\" data-elementor-lightbox-slideshow=\"197fd0f\" data-e-action-hash=\"#elementor-action%3Aaction%3Dlightbox%26settings%3DeyJpZCI6NDcxMCwidXJsIjoiaHR0cHM6XC9cL3d3dy5wYXN0ZWxlcm9zY29yZG9iYS5jb20uYXJcL2phY1wvd3AtY29udGVudFwvdXBsb2Fkc1wvMjAyNFwvMDhcL1doYXRzQXBwLUltYWdlLTIwMjQtMDgtMjMtYXQtMDguNTkuMzUuanBlZyIsInNsaWRlc2hvdyI6IjE5N2ZkMGYifQ%3D%3D\">\n\t\t\t\t\t<div class=\"e-gallery-image elementor-gallery-item__image\" data-thumbnail=\"https:\/\/www.pasteleroscordoba.com.ar\/jac\/wp-content\/uploads\/2024\/08\/WhatsApp-Image-2024-08-23-at-08.59.35.jpeg\" data-width=\"1600\" data-height=\"720\" aria-label=\"\" role=\"img\" ><\/div>\n\t\t\t\t\t\t\t\t\t\t\t<div class=\"elementor-gallery-item__overlay\"><\/div>\n\t\t\t\t\t\t\t\t\t\t\t\t\t\t<\/a>\n\t\t\t\t\t\t\t<a class=\"e-gallery-item elementor-gallery-item elementor-animated-content\" href=\"https:\/\/www.pasteleroscordoba.com.ar\/jac\/wp-content\/uploads\/2024\/08\/WhatsApp-Image-2024-08-23-at-08.59.34-1.jpeg\" data-elementor-open-lightbox=\"yes\" data-elementor-lightbox-slideshow=\"197fd0f\" data-e-action-hash=\"#elementor-action%3Aaction%3Dlightbox%26settings%3DeyJpZCI6NDcxMiwidXJsIjoiaHR0cHM6XC9cL3d3dy5wYXN0ZWxlcm9zY29yZG9iYS5jb20uYXJcL2phY1wvd3AtY29udGVudFwvdXBsb2Fkc1wvMjAyNFwvMDhcL1doYXRzQXBwLUltYWdlLTIwMjQtMDgtMjMtYXQtMDguNTkuMzQtMS5qcGVnIiwic2xpZGVzaG93IjoiMTk3ZmQwZiJ9\">\n\t\t\t\t\t<div class=\"e-gallery-image elementor-gallery-item__image\" data-thumbnail=\"https:\/\/www.pasteleroscordoba.com.ar\/jac\/wp-content\/uploads\/2024\/08\/WhatsApp-Image-2024-08-23-at-08.59.34-1.jpeg\" data-width=\"1600\" data-height=\"720\" aria-label=\"\" role=\"img\" ><\/div>\n\t\t\t\t\t\t\t\t\t\t\t<div class=\"elementor-gallery-item__overlay\"><\/div>\n\t\t\t\t\t\t\t\t\t\t\t\t\t\t<\/a>\n\t\t\t\t\t<\/div>\n\t\t\t\t\t<\/div>\n\t\t\t\t<\/div>\n\t\t\t\t\t<\/div>\n\t\t<\/div>\n\t\t\t\t\t<\/div>\n\t\t<\/section>\n\t\t\t\t<section data-particle_enable=\"false\" data-particle-mobile-disabled=\"false\" class=\"elementor-section elementor-top-section elementor-element elementor-element-546669d elementor-section-full_width elementor-section-stretched elementor-section-height-default elementor-section-height-default\" data-id=\"546669d\" data-element_type=\"section\" data-e-type=\"section\" data-settings=\"{&quot;stretch_section&quot;:&quot;section-stretched&quot;}\">\n\t\t\t\t\t\t<div class=\"elementor-container elementor-column-gap-no\">\n\t\t\t\t\t<div class=\"elementor-column elementor-col-100 elementor-top-column elementor-element elementor-element-25d4136\" data-id=\"25d4136\" data-element_type=\"column\" data-e-type=\"column\">\n\t\t\t<div class=\"elementor-widget-wrap elementor-element-populated\">\n\t\t\t\t\t\t<div class=\"elementor-element elementor-element-4b4c494 elementor-widget elementor-widget-image-carousel\" data-id=\"4b4c494\" data-element_type=\"widget\" data-e-type=\"widget\" data-settings=\"{&quot;slides_to_show&quot;:&quot;4&quot;,&quot;slides_to_scroll&quot;:&quot;1&quot;,&quot;navigation&quot;:&quot;none&quot;,&quot;autoplay&quot;:&quot;yes&quot;,&quot;autoplay_speed&quot;:5000,&quot;infinite&quot;:&quot;yes&quot;,&quot;speed&quot;:500}\" data-widget_type=\"image-carousel.default\">\n\t\t\t\t<div class=\"elementor-widget-container\">\n\t\t\t\t\t\t\t<div class=\"elementor-image-carousel-wrapper swiper\" role=\"region\" aria-roledescription=\"carousel\" aria-label=\"Carrusel de im\u00e1genes\" dir=\"ltr\">\n\t\t\t<div class=\"elementor-image-carousel swiper-wrapper\" aria-live=\"off\">\n\t\t\t\t\t\t\t\t<div class=\"swiper-slide\" role=\"group\" aria-roledescription=\"slide\" aria-label=\"1 de 7\"><figure class=\"swiper-slide-inner\"><img decoding=\"async\" class=\"swiper-slide-image\" src=\"https:\/\/www.pasteleroscordoba.com.ar\/jac\/wp-content\/uploads\/2024\/08\/WhatsApp-Image-2024-08-23-at-09.05.00.jpeg\" alt=\"WhatsApp Image 2024-08-23 at 09.05.00\" \/><\/figure><\/div><div class=\"swiper-slide\" role=\"group\" aria-roledescription=\"slide\" aria-label=\"2 de 7\"><figure class=\"swiper-slide-inner\"><img decoding=\"async\" class=\"swiper-slide-image\" src=\"https:\/\/www.pasteleroscordoba.com.ar\/jac\/wp-content\/uploads\/2024\/08\/WhatsApp-Image-2024-08-23-at-09.05.00-6.jpeg\" alt=\"WhatsApp Image 2024-08-23 at 09.05.00 (6)\" \/><\/figure><\/div><div class=\"swiper-slide\" role=\"group\" aria-roledescription=\"slide\" aria-label=\"3 de 7\"><figure class=\"swiper-slide-inner\"><img decoding=\"async\" class=\"swiper-slide-image\" src=\"https:\/\/www.pasteleroscordoba.com.ar\/jac\/wp-content\/uploads\/2024\/08\/WhatsApp-Image-2024-08-23-at-09.05.00-5.jpeg\" alt=\"WhatsApp Image 2024-08-23 at 09.05.00 (5)\" \/><\/figure><\/div><div class=\"swiper-slide\" role=\"group\" aria-roledescription=\"slide\" aria-label=\"4 de 7\"><figure class=\"swiper-slide-inner\"><img decoding=\"async\" class=\"swiper-slide-image\" src=\"https:\/\/www.pasteleroscordoba.com.ar\/jac\/wp-content\/uploads\/2024\/08\/WhatsApp-Image-2024-08-23-at-09.05.00-4.jpeg\" alt=\"WhatsApp Image 2024-08-23 at 09.05.00 (4)\" \/><\/figure><\/div><div class=\"swiper-slide\" role=\"group\" aria-roledescription=\"slide\" aria-label=\"5 de 7\"><figure class=\"swiper-slide-inner\"><img decoding=\"async\" class=\"swiper-slide-image\" src=\"https:\/\/www.pasteleroscordoba.com.ar\/jac\/wp-content\/uploads\/2024\/08\/WhatsApp-Image-2024-08-23-at-09.05.00-3.jpeg\" alt=\"WhatsApp Image 2024-08-23 at 09.05.00 (3)\" \/><\/figure><\/div><div class=\"swiper-slide\" role=\"group\" aria-roledescription=\"slide\" aria-label=\"6 de 7\"><figure class=\"swiper-slide-inner\"><img decoding=\"async\" class=\"swiper-slide-image\" src=\"https:\/\/www.pasteleroscordoba.com.ar\/jac\/wp-content\/uploads\/2024\/08\/WhatsApp-Image-2024-08-23-at-09.05.00-2.jpeg\" alt=\"WhatsApp Image 2024-08-23 at 09.05.00 (2)\" \/><\/figure><\/div><div class=\"swiper-slide\" role=\"group\" aria-roledescription=\"slide\" aria-label=\"7 de 7\"><figure class=\"swiper-slide-inner\"><img decoding=\"async\" class=\"swiper-slide-image\" src=\"https:\/\/www.pasteleroscordoba.com.ar\/jac\/wp-content\/uploads\/2024\/08\/WhatsApp-Image-2024-08-23-at-09.05.00-1.jpeg\" alt=\"WhatsApp Image 2024-08-23 at 09.05.00 (1)\" \/><\/figure><\/div>\t\t\t<\/div>\n\t\t\t\t\t\t\t\n\t\t\t\t\t\t\t\t\t<\/div>\n\t\t\t\t\t\t<\/div>\n\t\t\t\t<\/div>\n\t\t\t\t\t<\/div>\n\t\t<\/div>\n\t\t\t\t\t<\/div>\n\t\t<\/section>\n\t\t\t\t<\/div>\n\t\t","protected":false},"excerpt":{"rendered":"<p>Nuestra escuela tiene como objetivo brindar a los participantes las t\u00e9cnicas elementales de reposter\u00eda a trav\u00e9s del desarrollo de sus habilidades, partiendo de la elaboraci\u00f3n de las masas base hasta el emplatado de cada postre. Aplicando la normatividad vigente en materia alimentaria. Cursos Online<\/p>\n","protected":false},"author":2,"featured_media":0,"parent":0,"menu_order":0,"comment_status":"closed","ping_status":"closed","template":"elementor_header_footer","meta":{"site-sidebar-layout":"no-sidebar","site-content-layout":"page-builder","ast-site-content-layout":"default","site-content-style":"default","site-sidebar-style":"default","ast-global-header-display":"","ast-banner-title-visibility":"","ast-main-header-display":"","ast-hfb-above-header-display":"","ast-hfb-below-header-display":"","ast-hfb-mobile-header-display":"","site-post-title":"disabled","ast-breadcrumbs-content":"","ast-featured-img":"disabled","footer-sml-layout":"","ast-disable-related-posts":"","theme-transparent-header-meta":"","adv-header-id-meta":"","stick-header-meta":"","header-above-stick-meta":"","header-main-stick-meta":"","header-below-stick-meta":"","astra-migrate-meta-layouts":"default","ast-page-background-enabled":"default","ast-page-background-meta":{"desktop":{"background-color":"","background-image":"","background-repeat":"repeat","background-position":"center center","background-size":"auto","background-attachment":"scroll","background-type":"","background-media":"","overlay-type":"","overlay-color":"","overlay-opacity":"","overlay-gradient":""},"tablet":{"background-color":"","background-image":"","background-repeat":"repeat","background-position":"center center","background-size":"auto","background-attachment":"scroll","background-type":"","background-media":"","overlay-type":"","overlay-color":"","overlay-opacity":"","overlay-gradient":""},"mobile":{"background-color":"","background-image":"","background-repeat":"repeat","background-position":"center center","background-size":"auto","background-attachment":"scroll","background-type":"","background-media":"","overlay-type":"","overlay-color":"","overlay-opacity":"","overlay-gradient":""}},"ast-content-background-meta":{"desktop":{"background-color":"var(--ast-global-color-5)","background-image":"","background-repeat":"repeat","background-position":"center center","background-size":"auto","background-attachment":"scroll","background-type":"","background-media":"","overlay-type":"","overlay-color":"","overlay-opacity":"","overlay-gradient":""},"tablet":{"background-color":"var(--ast-global-color-5)","background-image":"","background-repeat":"repeat","background-position":"center center","background-size":"auto","background-attachment":"scroll","background-type":"","background-media":"","overlay-type":"","overlay-color":"","overlay-opacity":"","overlay-gradient":""},"mobile":{"background-color":"var(--ast-global-color-5)","background-image":"","background-repeat":"repeat","background-position":"center center","background-size":"auto","background-attachment":"scroll","background-type":"","background-media":"","overlay-type":"","overlay-color":"","overlay-opacity":"","overlay-gradient":""}},"footnotes":""},"class_list":["post-1102","page","type-page","status-publish","hentry"],"_links":{"self":[{"href":"https:\/\/www.pasteleroscordoba.com.ar\/jac\/wp-json\/wp\/v2\/pages\/1102","targetHints":{"allow":["GET"]}}],"collection":[{"href":"https:\/\/www.pasteleroscordoba.com.ar\/jac\/wp-json\/wp\/v2\/pages"}],"about":[{"href":"https:\/\/www.pasteleroscordoba.com.ar\/jac\/wp-json\/wp\/v2\/types\/page"}],"author":[{"embeddable":true,"href":"https:\/\/www.pasteleroscordoba.com.ar\/jac\/wp-json\/wp\/v2\/users\/2"}],"replies":[{"embeddable":true,"href":"https:\/\/www.pasteleroscordoba.com.ar\/jac\/wp-json\/wp\/v2\/comments?post=1102"}],"version-history":[{"count":82,"href":"https:\/\/www.pasteleroscordoba.com.ar\/jac\/wp-json\/wp\/v2\/pages\/1102\/revisions"}],"predecessor-version":[{"id":6754,"href":"https:\/\/www.pasteleroscordoba.com.ar\/jac\/wp-json\/wp\/v2\/pages\/1102\/revisions\/6754"}],"wp:attachment":[{"href":"https:\/\/www.pasteleroscordoba.com.ar\/jac\/wp-json\/wp\/v2\/media?parent=1102"}],"curies":[{"name":"wp","href":"https:\/\/api.w.org\/{rel}","templated":true}]}}