{"id":1235,"date":"2022-08-17T17:41:06","date_gmt":"2022-08-17T17:41:06","guid":{"rendered":"https:\/\/www.pasteleroscordoba.com.ar\/jac\/?page_id=1235"},"modified":"2024-11-13T18:34:47","modified_gmt":"2024-11-13T21:34:47","slug":"beneficios","status":"publish","type":"page","link":"https:\/\/www.pasteleroscordoba.com.ar\/jac\/beneficios\/","title":{"rendered":"Beneficios"},"content":{"rendered":"\t\t<div data-elementor-type=\"wp-page\" data-elementor-id=\"1235\" class=\"elementor elementor-1235\" data-elementor-post-type=\"page\">\n\t\t\t\t\t\t<section data-particle_enable=\"false\" data-particle-mobile-disabled=\"false\" class=\"elementor-section elementor-top-section elementor-element elementor-element-7cd9ffa elementor-section-height-min-height elementor-section-boxed elementor-section-height-default elementor-section-items-middle\" data-id=\"7cd9ffa\" data-element_type=\"section\" data-settings=\"{&quot;background_background&quot;:&quot;classic&quot;}\">\n\t\t\t\t\t\t\t<div class=\"elementor-background-overlay\"><\/div>\n\t\t\t\t\t\t\t<div class=\"elementor-container elementor-column-gap-default\">\n\t\t\t\t\t<div class=\"elementor-column elementor-col-50 elementor-top-column elementor-element elementor-element-e47b97e\" data-id=\"e47b97e\" data-element_type=\"column\">\n\t\t\t<div class=\"elementor-widget-wrap elementor-element-populated\">\n\t\t\t\t\t\t<div class=\"elementor-element elementor-element-9cb554a elementor-widget__width-initial elementor-widget elementor-widget-heading\" data-id=\"9cb554a\" data-element_type=\"widget\" data-widget_type=\"heading.default\">\n\t\t\t\t<div class=\"elementor-widget-container\">\n\t\t\t\t\t<h2 class=\"elementor-heading-title elementor-size-default\">Beneficios<\/h2>\t\t\t\t<\/div>\n\t\t\t\t<\/div>\n\t\t\t\t\t<\/div>\n\t\t<\/div>\n\t\t\t\t<div class=\"elementor-column elementor-col-50 elementor-top-column elementor-element elementor-element-410cfa6\" data-id=\"410cfa6\" data-element_type=\"column\" data-settings=\"{&quot;background_background&quot;:&quot;classic&quot;}\">\n\t\t\t<div class=\"elementor-widget-wrap elementor-element-populated\">\n\t\t\t\t\t\t<div class=\"elementor-element elementor-element-11d297d elementor-widget elementor-widget-spacer\" data-id=\"11d297d\" data-element_type=\"widget\" data-widget_type=\"spacer.default\">\n\t\t\t\t<div class=\"elementor-widget-container\">\n\t\t\t\t\t\t\t<div class=\"elementor-spacer\">\n\t\t\t<div class=\"elementor-spacer-inner\"><\/div>\n\t\t<\/div>\n\t\t\t\t\t\t<\/div>\n\t\t\t\t<\/div>\n\t\t\t\t\t<\/div>\n\t\t<\/div>\n\t\t\t\t\t<\/div>\n\t\t<\/section>\n\t\t\t\t<section data-particle_enable=\"false\" data-particle-mobile-disabled=\"false\" class=\"elementor-section elementor-top-section elementor-element elementor-element-2fd42c6 elementor-section-boxed elementor-section-height-default elementor-section-height-default\" data-id=\"2fd42c6\" data-element_type=\"section\" data-settings=\"{&quot;background_background&quot;:&quot;classic&quot;}\">\n\t\t\t\t\t\t<div class=\"elementor-container elementor-column-gap-default\">\n\t\t\t\t\t<div class=\"elementor-column elementor-col-100 elementor-top-column elementor-element elementor-element-711b25a\" data-id=\"711b25a\" data-element_type=\"column\">\n\t\t\t<div class=\"elementor-widget-wrap elementor-element-populated\">\n\t\t\t\t\t\t<div class=\"elementor-element elementor-element-19c8109 elementor-widget elementor-widget-text-editor\" data-id=\"19c8109\" data-element_type=\"widget\" data-widget_type=\"text-editor.default\">\n\t\t\t\t<div class=\"elementor-widget-container\">\n\t\t\t\t\t\t\t\t\t<p>Conoc\u00e9 todos los beneficios que tenemos para vos<\/p>\t\t\t\t\t\t\t\t<\/div>\n\t\t\t\t<\/div>\n\t\t\t\t<div class=\"elementor-element elementor-element-be55149 elementor-widget elementor-widget-text-editor\" data-id=\"be55149\" data-element_type=\"widget\" data-widget_type=\"text-editor.default\">\n\t\t\t\t<div class=\"elementor-widget-container\">\n\t\t\t\t\t\t\t\t\t<ul><li>Bolso Materno.<\/li><li>\u00datiles escolares.<\/li><li>D\u00eda de las Infancias.<\/li><li>Caja Navide\u00f1a.<\/li><li>Beneficio por Casamiento.<\/li><li>Reconocimiento de Anteojos recetados.<\/li><li>Reconocimiento de elementos ortop\u00e9dicos a partir del 10%.<\/li><li>Reconocimiento de turismo a partir del 5%.<\/li><li><a href=\"https:\/\/aesfac.org.ar\/guia-empresas\" target=\"_blank\" rel=\"noopener\">Subsidio por fallecimiento.<\/a><\/li><\/ul>\t\t\t\t\t\t\t\t<\/div>\n\t\t\t\t<\/div>\n\t\t\t\t\t<\/div>\n\t\t<\/div>\n\t\t\t\t\t<\/div>\n\t\t<\/section>\n\t\t\t\t<section data-particle_enable=\"false\" data-particle-mobile-disabled=\"false\" class=\"elementor-section elementor-top-section elementor-element elementor-element-1704164 elementor-section-boxed elementor-section-height-default elementor-section-height-default\" data-id=\"1704164\" data-element_type=\"section\" data-settings=\"{&quot;background_background&quot;:&quot;classic&quot;}\">\n\t\t\t\t\t\t<div class=\"elementor-container elementor-column-gap-default\">\n\t\t\t\t\t<div class=\"elementor-column elementor-col-100 elementor-top-column elementor-element elementor-element-c0ddcd6\" data-id=\"c0ddcd6\" data-element_type=\"column\">\n\t\t\t<div class=\"elementor-widget-wrap elementor-element-populated\">\n\t\t\t\t\t\t<div class=\"elementor-element elementor-element-b3c95c1 elementor-widget elementor-widget-ucaddon_sliding_content_box\" data-id=\"b3c95c1\" data-element_type=\"widget\" data-widget_type=\"ucaddon_sliding_content_box.default\">\n\t\t\t\t<div class=\"elementor-widget-container\">\n\t\t\t\t\t\n<!-- start Content Box Sliding Effect -->\n<style>\/* widget: Content Box Sliding Effect *\/\n\n#uc_sliding_content_box_elementor_b3c95c1 {\n\tbox-sizing: border-box;\n    overflow:hidden;\n}\n\n.ue-title\n{\n  font-size:21px;\n  width:100%;\n}\n\n.ue-text\n{\n  width:100%;\n}\n\n.ue-btn-wrapper\n{\n  width:100%;\n}\n\n#uc_sliding_content_box_elementor_b3c95c1 .ue-content-box-inner\n{\n  display:flex;\n  position:relative;\n}\n\n#uc_sliding_content_box_elementor_b3c95c1 .ue-overlay\n{\n  position:absolute;\n  top:0;\n  right:0;\n  left:0;\n  bottom:0;\n}\n\n#uc_sliding_content_box_elementor_b3c95c1 .ue-content-box-wrapper\n{\n  position:relative;\n  width:100%;\n}\n\n#uc_sliding_content_box_elementor_b3c95c1 .ue-bg\n{\n  position:absolute;\n  top:0;\n  right:0;\n  left:0;\n  bottom:0;\n  transition:0.5s;\n}\n\n#uc_sliding_content_box_elementor_b3c95c1:hover .ue-bg\n{\n transform:scale(1.1,1.1);\n}\n\n\n#uc_sliding_content_box_elementor_b3c95c1:hover .moveFromLeft\n{\n  animation: moveFromLeft 0.5s;\n}\n\n#uc_sliding_content_box_elementor_b3c95c1:hover .moveFromRight\n{\n  animation: moveFromRight 0.5s;\n}\n\n#uc_sliding_content_box_elementor_b3c95c1:hover .moveFromBottom\n{\n  animation: moveFromBottom 0.5s;\n}\n\n@-webkit-keyframes moveFromLeft {\n from {\n -webkit-transform: translateX(-100%);\nopacity: 0;\n}\n to {\n -webkit-transform: translateX(0%);\n opacity: 1;\n}\n}\n@-moz-keyframes moveFromLeft {\n from {\n -moz-transform: translateX(-100%);\nopacity: 0;\n}\n to {\n -moz-transform: translateX(0%);\n opacity: 1;\n}\n}\n@-ms-keyframes moveFromLeft {\n from {\n -ms-transform: translateX(-100%);\nopacity: 0;\n}\n to {\n -ms-transform: translateX(0%);\n opacity: 1;\n}\n}\n@-webkit-keyframes moveFromRight {\n from {\n -webkit-transform: translateX(100%);\nopacity: 0;\n}\n to {\n -webkit-transform: translateX(0%);\n opacity: 1;\n}\n}\n@-moz-keyframes moveFromRight {\n from {\n -moz-transform: translateX(100%);\nopacity: 0;\n}\n to {\n -moz-transform: translateX(0%);\n opacity: 1;\n}\n}\n@-ms-keyframes moveFromRight {\n from {\n -ms-transform: translateX(100%);\nopacity: 0;\n}\n to {\n -ms-transform: translateX(0%);\n opacity: 1;\n}\n}\n@-webkit-keyframes moveFromBottom {\n from {\n -webkit-transform: translateY(100%);\nopacity: 0;\n}\n to {\n -webkit-transform: translateY(0%);\n opacity: 1;\n}\n}\n@-moz-keyframes moveFromBottom {\n from {\n -moz-transform: translateY(100%);\nopacity: 0;\n}\n to {\n -moz-transform: translateY(0%);\n opacity: 1;\n}\n}\n@-ms-keyframes moveFromBottom {\n from {\n -ms-transform: translateY(100%);\nopacity: 0;\n}\n to {\n -ms-transform: translateY(0%);\n opacity: 1;\n}\n}\n\n<\/style>\n\n<div class=\"ue-content-box\" id=\"uc_sliding_content_box_elementor_b3c95c1\">\n  \n  <div class=\"ue-content-box-inner\">\n    <div class=\"ue-bg\"><\/div>\n    <div class=\"ue-overlay\"><\/div>\n    \n     <div class=\"ue-content-box-wrapper\">\n\t\t<div class=\"ue-title moveFromLeft\">AFILIATE AHORA<\/div>\t\n\t\t<div class=\"ue-text moveFromLeft\"><\/div>       \n       \t        <div class=\"ue-btn-wrapper moveFromBottom\">\n           <a class=\"ue-btn\"  href=\"https:\/\/www.pasteleroscordoba.com.ar\/jac\/afiliacion\/\" >\n\t\t\t\t<span class=\"uc-link\">Ir a afiliarme<\/span>\n\t\t   <\/a>\n        <\/div>\n             <\/div>\n  <\/div>\n<\/div>\n<!-- end Content Box Sliding Effect -->\t\t\t\t<\/div>\n\t\t\t\t<\/div>\n\t\t\t\t\t<\/div>\n\t\t<\/div>\n\t\t\t\t\t<\/div>\n\t\t<\/section>\n\t\t\t\t<\/div>\n\t\t","protected":false},"excerpt":{"rendered":"<p>Beneficios Conoc\u00e9 todos los beneficios que tenemos para vos Bolso Materno. \u00datiles escolares. D\u00eda de las Infancias. Caja Navide\u00f1a. Beneficio por Casamiento. Reconocimiento de Anteojos recetados. Reconocimiento de elementos ortop\u00e9dicos a partir del 10%. Reconocimiento de turismo a partir del 5%. Subsidio por fallecimiento. AFILIATE AHORA Ir a afiliarme<\/p>\n","protected":false},"author":2,"featured_media":0,"parent":0,"menu_order":0,"comment_status":"closed","ping_status":"closed","template":"elementor_header_footer","meta":{"site-sidebar-layout":"no-sidebar","site-content-layout":"page-builder","ast-site-content-layout":"default","site-content-style":"default","site-sidebar-style":"default","ast-global-header-display":"","ast-banner-title-visibility":"","ast-main-header-display":"","ast-hfb-above-header-display":"","ast-hfb-below-header-display":"","ast-hfb-mobile-header-display":"","site-post-title":"disabled","ast-breadcrumbs-content":"","ast-featured-img":"disabled","footer-sml-layout":"","ast-disable-related-posts":"","theme-transparent-header-meta":"","adv-header-id-meta":"","stick-header-meta":"","header-above-stick-meta":"","header-main-stick-meta":"","header-below-stick-meta":"","astra-migrate-meta-layouts":"default","ast-page-background-enabled":"default","ast-page-background-meta":{"desktop":{"background-color":"","background-image":"","background-repeat":"repeat","background-position":"center center","background-size":"auto","background-attachment":"scroll","background-type":"","background-media":"","overlay-type":"","overlay-color":"","overlay-opacity":"","overlay-gradient":""},"tablet":{"background-color":"","background-image":"","background-repeat":"repeat","background-position":"center center","background-size":"auto","background-attachment":"scroll","background-type":"","background-media":"","overlay-type":"","overlay-color":"","overlay-opacity":"","overlay-gradient":""},"mobile":{"background-color":"","background-image":"","background-repeat":"repeat","background-position":"center center","background-size":"auto","background-attachment":"scroll","background-type":"","background-media":"","overlay-type":"","overlay-color":"","overlay-opacity":"","overlay-gradient":""}},"ast-content-background-meta":{"desktop":{"background-color":"var(--ast-global-color-5)","background-image":"","background-repeat":"repeat","background-position":"center center","background-size":"auto","background-attachment":"scroll","background-type":"","background-media":"","overlay-type":"","overlay-color":"","overlay-opacity":"","overlay-gradient":""},"tablet":{"background-color":"var(--ast-global-color-5)","background-image":"","background-repeat":"repeat","background-position":"center center","background-size":"auto","background-attachment":"scroll","background-type":"","background-media":"","overlay-type":"","overlay-color":"","overlay-opacity":"","overlay-gradient":""},"mobile":{"background-color":"var(--ast-global-color-5)","background-image":"","background-repeat":"repeat","background-position":"center center","background-size":"auto","background-attachment":"scroll","background-type":"","background-media":"","overlay-type":"","overlay-color":"","overlay-opacity":"","overlay-gradient":""}},"footnotes":""},"class_list":["post-1235","page","type-page","status-publish","hentry"],"_links":{"self":[{"href":"https:\/\/www.pasteleroscordoba.com.ar\/jac\/wp-json\/wp\/v2\/pages\/1235","targetHints":{"allow":["GET"]}}],"collection":[{"href":"https:\/\/www.pasteleroscordoba.com.ar\/jac\/wp-json\/wp\/v2\/pages"}],"about":[{"href":"https:\/\/www.pasteleroscordoba.com.ar\/jac\/wp-json\/wp\/v2\/types\/page"}],"author":[{"embeddable":true,"href":"https:\/\/www.pasteleroscordoba.com.ar\/jac\/wp-json\/wp\/v2\/users\/2"}],"replies":[{"embeddable":true,"href":"https:\/\/www.pasteleroscordoba.com.ar\/jac\/wp-json\/wp\/v2\/comments?post=1235"}],"version-history":[{"count":19,"href":"https:\/\/www.pasteleroscordoba.com.ar\/jac\/wp-json\/wp\/v2\/pages\/1235\/revisions"}],"predecessor-version":[{"id":4979,"href":"https:\/\/www.pasteleroscordoba.com.ar\/jac\/wp-json\/wp\/v2\/pages\/1235\/revisions\/4979"}],"wp:attachment":[{"href":"https:\/\/www.pasteleroscordoba.com.ar\/jac\/wp-json\/wp\/v2\/media?parent=1235"}],"curies":[{"name":"wp","href":"https:\/\/api.w.org\/{rel}","templated":true}]}}